{"id":49,"date":"2016-02-01T22:11:03","date_gmt":"2016-02-01T20:11:03","guid":{"rendered":"http:\/\/soitannollinenkerho.com\/wordpress\/wordpress\/?page_id=49"},"modified":"2020-11-11T09:03:59","modified_gmt":"2020-11-11T06:03:59","slug":"pihasoitot","status":"publish","type":"page","link":"https:\/\/soitannollinenkerho.com\/wordpress\/?page_id=49","title":{"rendered":"Pihasoitot"},"content":{"rendered":"<p>Pihasoitot aloitettiin 1963 kev\u00e4isen\u00e4 p\u00e4iv\u00e4n\u00e4 silloisen TSK:n Pj:n LEO KATAJAM\u00c4EN toimesta. Kierrettiin puutalojen pihalla ja luovutettiin ikkunoista heitellyt rahat hyv\u00e4ntekev\u00e4isyyteen. Idea muhi tauolla 1975 asti jolloin TSK:n pitk\u00e4aikaisin Pj PEKKA VARJONEN kaivoi idean naftaliinista ja alettiin j\u00e4rjest\u00e4m\u00e4\u00e4n kev\u00e4isin touko-kes\u00e4kuun vaihteessa tapahtuma, joka on t\u00e4h\u00e4n menness\u00e4 ker\u00e4nnyt jo valtaisan summan rahaa hyv\u00e4ntekev\u00e4isyyteen vammaisten lasten ja nuorten hyv\u00e4ksi.<\/p>\n<p>Aluksi arvottiin, mik\u00e4 j\u00e4rjest\u00f6 hoitaa ja saa koko potin. Viimeisin\u00e4 15 vuotena ei en\u00e4\u00e4 l\u00f6ytynyt yht\u00e4 j\u00e4rjest\u00f6\u00e4, joka saisi tarpeeksi vapaaehtoisia ker\u00e4\u00e4m\u00e4\u00e4n koko kaupungin alueelta, vaan alueet jaettiin 5-9 j\u00e4rjest\u00f6n kesken. Edun eli rahansaajia ovat olleet mm. Lounais-suomen Sy\u00f6p\u00e4yhdistys, Turun Seudun Kehitysvammaisten tuki Ry, Keuhkovammaliitto, Neuro yhdistys ( ent. MS_ yhdistys), Turun Seudun Lihastautiyhdistys, Varsinais-Suomen n\u00e4k\u00f6vammaiset Ry, Invalidiliitto, Mannerheimin lastensuojeluliiton Turun Piiri, Kiwanis Ry, Turun Seudun Diabetes Ry, Kaseva Ry, Kaarinan Kehitysvammaisten Tuki Ry, CP-liitto, Varsinais-Suomen aivovammayhdistys Ry, jne Summa per ker\u00e4ys on vaihdellut 30000 markasta ( 5000 \u20ac ) aina 22 000 \u20ac asti.<\/p>\n<p>Pihasoitto &#8211; ideaa kokeiltiin my\u00f6s muualla , mutta ainoastaan Turussa se jatkui yli 40 vuotta. Vuonna 2017 pihasoitto j\u00e4rjestettiin jo 44. kertaa! T\u00e4m\u00e4 kerta on j\u00e4\u00e4nyt toistaiseksi my\u00f6s viimeiseksi kerraksi. Kaikki rahat vuosien saatossa on tuloutettu lyhent\u00e4m\u00e4tt\u00f6m\u00e4n\u00e4 ker\u00e4\u00e4j\u00e4yhdistyksille eli esiintyj\u00e4t, jotka ovat olleet paikallisia musiikintekij\u00f6it\u00e4 (TSK:n j\u00e4seni\u00e4), eiv\u00e4t ole ottaneet esiintymisest\u00e4\u00e4n mink\u00e4\u00e4nlaista korvausta. Mainittakoon muutamia kerholaisia , jotka ovat olleet mukana l\u00e4hes jokaisessa 44 Pihasoitossa : Aulis Kotaviita , Keijo Lehto, Erkki V\u00e4lil\u00e4, Reijo Ahola ja Tauno Huhtala.<\/p>\n","protected":false},"excerpt":{"rendered":"<p>Pihasoitot aloitettiin 1963 kev\u00e4isen\u00e4 p\u00e4iv\u00e4n\u00e4 silloisen TSK:n Pj:n LEO KATAJAM\u00c4EN toimesta. Kierrettiin puutalojen pihalla ja luovutettiin ikkunoista heitellyt rahat hyv\u00e4ntekev\u00e4isyyteen. Idea muhi tauolla 1975 asti jolloin TSK:n pitk\u00e4aikaisin Pj PEKKA [&hellip;]<\/p>\n","protected":false},"author":1,"featured_media":0,"parent":7,"menu_order":0,"comment_status":"closed","ping_status":"closed","template":"","meta":{"footnotes":""},"class_list":["post-49","page","type-page","status-publish","czr-hentry"],"_links":{"self":[{"href":"https:\/\/soitannollinenkerho.com\/wordpress\/index.php?rest_route=\/wp\/v2\/pages\/49","targetHints":{"allow":["GET"]}}],"collection":[{"href":"https:\/\/soitannollinenkerho.com\/wordpress\/index.php?rest_route=\/wp\/v2\/pages"}],"about":[{"href":"https:\/\/soitannollinenkerho.com\/wordpress\/index.php?rest_route=\/wp\/v2\/types\/page"}],"author":[{"embeddable":true,"href":"https:\/\/soitannollinenkerho.com\/wordpress\/index.php?rest_route=\/wp\/v2\/users\/1"}],"replies":[{"embeddable":true,"href":"https:\/\/soitannollinenkerho.com\/wordpress\/index.php?rest_route=%2Fwp%2Fv2%2Fcomments&post=49"}],"version-history":[{"count":4,"href":"https:\/\/soitannollinenkerho.com\/wordpress\/index.php?rest_route=\/wp\/v2\/pages\/49\/revisions"}],"predecessor-version":[{"id":664,"href":"https:\/\/soitannollinenkerho.com\/wordpress\/index.php?rest_route=\/wp\/v2\/pages\/49\/revisions\/664"}],"up":[{"embeddable":true,"href":"https:\/\/soitannollinenkerho.com\/wordpress\/index.php?rest_route=\/wp\/v2\/pages\/7"}],"wp:attachment":[{"href":"https:\/\/soitannollinenkerho.com\/wordpress\/index.php?rest_route=%2Fwp%2Fv2%2Fmedia&parent=49"}],"curies":[{"name":"wp","href":"https:\/\/api.w.org\/{rel}","templated":true}]}}