{"id":563,"date":"2019-06-10T21:30:15","date_gmt":"2019-06-10T18:30:15","guid":{"rendered":"http:\/\/soitannollinenkerho.com\/wordpress\/?page_id=563"},"modified":"2022-03-20T15:34:51","modified_gmt":"2022-03-20T12:34:51","slug":"esiintymislavan-vuokraus","status":"publish","type":"page","link":"http:\/\/soitannollinenkerho.com\/wordpress\/?page_id=563","title":{"rendered":"Esiintymislavan vuokraus"},"content":{"rendered":"\n<p>Ota yhteytt\u00e4 ensisijaisesti s\u00e4hk\u00f6postilla: tsk at soitannollinenkerho.com \/ my\u00f6s puhelimitse 02 233 5225.<\/p>\n\n\n\n<figure class=\"wp-block-image\"><img loading=\"lazy\" decoding=\"async\" width=\"1024\" height=\"684\" src=\"http:\/\/soitannollinenkerho.com\/wordpress\/wp-content\/uploads\/JL2_4709-lava-1300xmalli-1-1024x684.jpg\" alt=\"\" class=\"wp-image-641\" srcset=\"http:\/\/soitannollinenkerho.com\/wordpress\/wp-content\/uploads\/JL2_4709-lava-1300xmalli-1-1024x684.jpg 1024w, http:\/\/soitannollinenkerho.com\/wordpress\/wp-content\/uploads\/JL2_4709-lava-1300xmalli-1-300x201.jpg 300w, http:\/\/soitannollinenkerho.com\/wordpress\/wp-content\/uploads\/JL2_4709-lava-1300xmalli-1-768x513.jpg 768w, http:\/\/soitannollinenkerho.com\/wordpress\/wp-content\/uploads\/JL2_4709-lava-1300xmalli-1.jpg 1312w\" sizes=\"auto, (max-width: 1024px) 100vw, 1024px\" \/><\/figure>\n","protected":false},"excerpt":{"rendered":"<p>Ota yhteytt\u00e4 ensisijaisesti s\u00e4hk\u00f6postilla: tsk at soitannollinenkerho.com \/ my\u00f6s puhelimitse 02 233 5225.<\/p>\n","protected":false},"author":1,"featured_media":0,"parent":7,"menu_order":7,"comment_status":"closed","ping_status":"closed","template":"","meta":{"footnotes":""},"class_list":["post-563","page","type-page","status-publish","czr-hentry"],"_links":{"self":[{"href":"http:\/\/soitannollinenkerho.com\/wordpress\/index.php?rest_route=\/wp\/v2\/pages\/563","targetHints":{"allow":["GET"]}}],"collection":[{"href":"http:\/\/soitannollinenkerho.com\/wordpress\/index.php?rest_route=\/wp\/v2\/pages"}],"about":[{"href":"http:\/\/soitannollinenkerho.com\/wordpress\/index.php?rest_route=\/wp\/v2\/types\/page"}],"author":[{"embeddable":true,"href":"http:\/\/soitannollinenkerho.com\/wordpress\/index.php?rest_route=\/wp\/v2\/users\/1"}],"replies":[{"embeddable":true,"href":"http:\/\/soitannollinenkerho.com\/wordpress\/index.php?rest_route=%2Fwp%2Fv2%2Fcomments&post=563"}],"version-history":[{"count":4,"href":"http:\/\/soitannollinenkerho.com\/wordpress\/index.php?rest_route=\/wp\/v2\/pages\/563\/revisions"}],"predecessor-version":[{"id":832,"href":"http:\/\/soitannollinenkerho.com\/wordpress\/index.php?rest_route=\/wp\/v2\/pages\/563\/revisions\/832"}],"up":[{"embeddable":true,"href":"http:\/\/soitannollinenkerho.com\/wordpress\/index.php?rest_route=\/wp\/v2\/pages\/7"}],"wp:attachment":[{"href":"http:\/\/soitannollinenkerho.com\/wordpress\/index.php?rest_route=%2Fwp%2Fv2%2Fmedia&parent=563"}],"curies":[{"name":"wp","href":"https:\/\/api.w.org\/{rel}","templated":true}]}}