{"id":47,"date":"2016-02-01T22:10:43","date_gmt":"2016-02-01T20:10:43","guid":{"rendered":"http:\/\/soitannollinenkerho.com\/wordpress\/wordpress\/?page_id=47"},"modified":"2026-01-26T12:05:23","modified_gmt":"2026-01-26T09:05:23","slug":"toritanssit","status":"publish","type":"page","link":"http:\/\/soitannollinenkerho.com\/wordpress\/?page_id=47","title":{"rendered":"Toritanssit"},"content":{"rendered":"<p>N\u00e4it\u00e4 kaupunki alkoi tilata TSK:lta Pekka Varjosen hyvien suhteiden kautta : Torikauppias MATTI J\u00c4RVINEN lahjoitti kaupungille liikuteltavan esiintymislavan sek\u00e4 TSK:lle toisen Katutansseja ja muita ulkotilaisuuksia varten.<\/p>\n<p>Lavallehan tarvittiin tietysti ohjelmaa, joten oli luonnollinen jatke tarinalle, ett\u00e4 TSK tuotti ohjelmaa kauppatorille saatuaan my\u00f6s oman lavansa aktiiviselta torikauppiaalta. Matti J\u00e4rvinen toimi eritt\u00e4in aktiivisesti Kauppatoria el\u00e4v\u00f6itt\u00e4\u00e4kseen.<\/p>\n<p>TSK j\u00e4rjesti musiikkia torille klo 14-16 nimell\u00e4 Toritanssit kerran kuussa keskiviikkoisin toukokuusta syyskuuhin.\u00a0<\/p>\n<p>Ohjelmassa on ollut harmonikkakerhojen esityksi\u00e4, uusien kerholaisten esiintymisi\u00e4 ja rokkib\u00e4ndi\u00e4kin on lavalla n\u00e4hty.<\/p>\n<p>Toritanssit meniv\u00e4t tauolle Kauppatorin remontin takia ja ainakin toistaiseksi tansseja ei ole uudelleen aloitettu (2026).<\/p>\n\n\n<p><\/p>\n","protected":false},"excerpt":{"rendered":"<p>N\u00e4it\u00e4 kaupunki alkoi tilata TSK:lta Pekka Varjosen hyvien suhteiden kautta : Torikauppias MATTI J\u00c4RVINEN lahjoitti kaupungille liikuteltavan esiintymislavan sek\u00e4 TSK:lle toisen Katutansseja ja muita ulkotilaisuuksia varten. Lavallehan tarvittiin tietysti ohjelmaa, [&hellip;]<\/p>\n","protected":false},"author":1,"featured_media":0,"parent":7,"menu_order":0,"comment_status":"closed","ping_status":"closed","template":"","meta":{"footnotes":""},"class_list":["post-47","page","type-page","status-publish","czr-hentry"],"_links":{"self":[{"href":"http:\/\/soitannollinenkerho.com\/wordpress\/index.php?rest_route=\/wp\/v2\/pages\/47","targetHints":{"allow":["GET"]}}],"collection":[{"href":"http:\/\/soitannollinenkerho.com\/wordpress\/index.php?rest_route=\/wp\/v2\/pages"}],"about":[{"href":"http:\/\/soitannollinenkerho.com\/wordpress\/index.php?rest_route=\/wp\/v2\/types\/page"}],"author":[{"embeddable":true,"href":"http:\/\/soitannollinenkerho.com\/wordpress\/index.php?rest_route=\/wp\/v2\/users\/1"}],"replies":[{"embeddable":true,"href":"http:\/\/soitannollinenkerho.com\/wordpress\/index.php?rest_route=%2Fwp%2Fv2%2Fcomments&post=47"}],"version-history":[{"count":8,"href":"http:\/\/soitannollinenkerho.com\/wordpress\/index.php?rest_route=\/wp\/v2\/pages\/47\/revisions"}],"predecessor-version":[{"id":2507,"href":"http:\/\/soitannollinenkerho.com\/wordpress\/index.php?rest_route=\/wp\/v2\/pages\/47\/revisions\/2507"}],"up":[{"embeddable":true,"href":"http:\/\/soitannollinenkerho.com\/wordpress\/index.php?rest_route=\/wp\/v2\/pages\/7"}],"wp:attachment":[{"href":"http:\/\/soitannollinenkerho.com\/wordpress\/index.php?rest_route=%2Fwp%2Fv2%2Fmedia&parent=47"}],"curies":[{"name":"wp","href":"https:\/\/api.w.org\/{rel}","templated":true}]}}