{"id":34,"date":"2016-02-01T12:00:35","date_gmt":"2016-02-01T10:00:35","guid":{"rendered":"http:\/\/soitannollinenkerho.com\/wordpress\/wordpress\/?page_id=34"},"modified":"2026-01-26T12:46:29","modified_gmt":"2026-01-26T09:46:29","slug":"yhteislaulut","status":"publish","type":"page","link":"http:\/\/soitannollinenkerho.com\/wordpress\/?page_id=34","title":{"rendered":"Yhteislaulut"},"content":{"rendered":"<p>Yhteislauluja pidet\u00e4\u00e4n kes\u00e4isin Turun p\u00e4\u00e4kirjastonpihalla ja syksyst\u00e4 2024 alkaen syksy-kev\u00e4t kaudella Ruusukorttelin palvelukeskuksessa. Yhteislauluperinne TSK:n osalta alkoi samoista Turun kaupungin Puolalanm\u00e4en viihdeilloista kuin KATUTANSSITKIN 1970 -luvun puoliv\u00e4liss\u00e4. Katutanssit l\u00f6ysiv\u00e4t l\u00e4hes heti paikkansa Aurajokirannasta Liljan patsaan alapuolella, mutta Yhteislaulut seikkailivat ensin Samppalinnan kes\u00e4teatterilla, sitten Vartiovuoren kes\u00e4teatterilla, kunnes asettuivat 90-luvulla Brinkkalan pihalle Kulttuurikeskuksen muutettua kyseiseen kortteliin. Siell\u00e4 viihdyttiin yli 20 vuotta maanantaisin kes\u00e4kuusta elokuuhun ja laulajia oli alun 30:st\u00e4 noin 200 laulajaan joka kerta.<\/p>\n<p>Yhteislaulut pidet\u00e4\u00e4n Turun p\u00e4\u00e4kirjaston pihalla ja tapahtuman suosio on kasvanut paikanvaihdon my\u00f6t\u00e4. Laulajia oli kes\u00e4ll\u00e4 2019 aina pihan t\u00e4ydelt\u00e4 eli noin 400. Koronan vaikutus vuonna 2020 oli kaikkeen toimintaan haitallista, mutta onneksi tuolloin pitopaikka vaihdettiin kirjastolle juuri ennen epidemian alkua. Viranomaisohjeita seurattiin ja kes\u00e4n tapahtumat menetettiin. S\u00e4\u00e4nn\u00f6sten mahdollistaessa taas rajoitetun toiminnan, l\u00f6ytyi nopeasti innokkaita kerhon soittajia mahdollistamaan laulutilaisuudet p\u00e4\u00e4osin seniorikansalaisista koostuneelle laulajajoukolle. Valitettavasti tilaisuuksia emme voineet mainostaa rajoitetun osallistujam\u00e4\u00e4r\u00e4n vuoksi, mutta pihaj\u00e4rjestelyin saimme nauttia mahdollisimman laajalukuisesta, kiitollisesta ja niin mukavista osallistujista.<\/p>\n<p>TSK:n lauluvihot, jotka Pentti Laine ( ent. Orisaari) kovalla vaivalla aikanaan kokosi ja kirjoitti, ovat kuluneet k\u00e4yt\u00f6ss\u00e4 ja nyky\u00e4\u00e4n viiden eri vihon vaihtelulla, ollaan kes\u00e4n aikana laulettu yli 600 laulun valikoimasta. Joskus my\u00f6s pikku sadekuuro on tuhonnut melkoisen m\u00e4\u00e4r\u00e4n vihkoja, paperi kun ei vett\u00e4 kest\u00e4 ja aikoinaan kaupungin kopiokoneet tekiv\u00e4t uusia tarpeen vaatiessa. Uudempia lauluja sis\u00e4lt\u00e4v\u00e4 kuudes lauluvihko koostettiin 2018-2019 lahjoitusvaroilla. Tulevaan kes\u00e4\u00e4n 2026 kes\u00e4\u00e4n menness\u00e4 ovat kaikki lauluvihkot uusia, n\u00e4ytt\u00e4v\u00e4mpi\u00e4 ja kulutusta paremmin kest\u00e4vi\u00e4.<\/p>\n<p>Seniori-ik\u00e4isten osallistujien yhteishenki,sek\u00e4 heilt\u00e4 esiintyjille ja j\u00e4rjest\u00e4jille kantautunut kiitos on l\u00e4mmitt\u00e4nyt suuresti asianosaisia. Vuonna 2023 saimme taas toimia vapaasti ja toimintakes\u00e4 2024 olikin hyvin aktiivinen yli 3000 osallistujallaan.<\/p>\n<p>Uutena toimintana aloitettiin syksyll\u00e4 2024 Yhteislaulut Ruusukorttelin palvelukeskuksen juhlasalissa ja edess\u00e4 onkin jo kev\u00e4tkausi 2026. Perinteiset kirjastonpihan kes\u00e4iset Yhteislaulut jatkuvat kes\u00e4kuussa 2026.<\/p>\n<p>Kaiken kaikkiaan lauluperinne el\u00e4\u00e4 ja voi hyvin TSK:lla. Ilmoitamme netti- ja FB-sivuillamme sek\u00e4 TS Minne menn\u00e4\u00e4n-palstalla.<\/p>\n<p><iframe loading=\"lazy\" title=\"Yhteislaulut 15.7.2024\" width=\"1170\" height=\"658\" src=\"https:\/\/www.youtube.com\/embed\/kn_5wg3VoY8?feature=oembed\" frameborder=\"0\" allow=\"accelerometer; autoplay; clipboard-write; encrypted-media; gyroscope; picture-in-picture; web-share\" referrerpolicy=\"strict-origin-when-cross-origin\" allowfullscreen><\/iframe><\/p>\n","protected":false},"excerpt":{"rendered":"<p>Yhteislauluja pidet\u00e4\u00e4n kes\u00e4isin Turun p\u00e4\u00e4kirjastonpihalla ja syksyst\u00e4 2024 alkaen syksy-kev\u00e4t kaudella Ruusukorttelin palvelukeskuksessa. Yhteislauluperinne TSK:n osalta alkoi samoista Turun kaupungin Puolalanm\u00e4en viihdeilloista kuin KATUTANSSITKIN 1970 -luvun puoliv\u00e4liss\u00e4. Katutanssit l\u00f6ysiv\u00e4t l\u00e4hes [&hellip;]<\/p>\n","protected":false},"author":1,"featured_media":0,"parent":7,"menu_order":0,"comment_status":"closed","ping_status":"closed","template":"","meta":{"footnotes":""},"class_list":["post-34","page","type-page","status-publish","czr-hentry"],"_links":{"self":[{"href":"http:\/\/soitannollinenkerho.com\/wordpress\/index.php?rest_route=\/wp\/v2\/pages\/34","targetHints":{"allow":["GET"]}}],"collection":[{"href":"http:\/\/soitannollinenkerho.com\/wordpress\/index.php?rest_route=\/wp\/v2\/pages"}],"about":[{"href":"http:\/\/soitannollinenkerho.com\/wordpress\/index.php?rest_route=\/wp\/v2\/types\/page"}],"author":[{"embeddable":true,"href":"http:\/\/soitannollinenkerho.com\/wordpress\/index.php?rest_route=\/wp\/v2\/users\/1"}],"replies":[{"embeddable":true,"href":"http:\/\/soitannollinenkerho.com\/wordpress\/index.php?rest_route=%2Fwp%2Fv2%2Fcomments&post=34"}],"version-history":[{"count":21,"href":"http:\/\/soitannollinenkerho.com\/wordpress\/index.php?rest_route=\/wp\/v2\/pages\/34\/revisions"}],"predecessor-version":[{"id":2515,"href":"http:\/\/soitannollinenkerho.com\/wordpress\/index.php?rest_route=\/wp\/v2\/pages\/34\/revisions\/2515"}],"up":[{"embeddable":true,"href":"http:\/\/soitannollinenkerho.com\/wordpress\/index.php?rest_route=\/wp\/v2\/pages\/7"}],"wp:attachment":[{"href":"http:\/\/soitannollinenkerho.com\/wordpress\/index.php?rest_route=%2Fwp%2Fv2%2Fmedia&parent=34"}],"curies":[{"name":"wp","href":"https:\/\/api.w.org\/{rel}","templated":true}]}}