{"id":32,"date":"2016-02-01T12:00:09","date_gmt":"2016-02-01T10:00:09","guid":{"rendered":"http:\/\/soitannollinenkerho.com\/wordpress\/wordpress\/?page_id=32"},"modified":"2026-01-26T12:32:28","modified_gmt":"2026-01-26T09:32:28","slug":"katutanssit-ja-toritanssit","status":"publish","type":"page","link":"http:\/\/soitannollinenkerho.com\/wordpress\/?page_id=32","title":{"rendered":"Katutanssit"},"content":{"rendered":"<p>Syksyst\u00e4 2024 alkaen TSK-tansseja on syksyst\u00e4 kev\u00e4\u00e4seen pidetty my\u00f6s Ruusukorttelin palvelukeskuksen juhlasalissa ja kes\u00e4ll\u00e4 viime vuosien tapaan Turun p\u00e4\u00e4kirjaston pihalla.<\/p>\n<p>Vuodesta 2025 alkaen kirjastonpihan Katutansseja p\u00e4\u00e4tettiin kutsua osuvammin pitopaikkansa mukaan pihatansseiksi, mutta jos viel\u00e4 kadulla tanssitaan, on silloin k\u00e4yt\u00f6ss\u00e4 perinteinen nimi Katutanssit. Pihatanssit alkavat juhannuksen j\u00e4lkeen, tule mukaan viihtym\u00e4\u00e4n ja tuo my\u00f6s tuttavia ja yst\u00e4vi\u00e4si Turun ulkopuolelta, he tyk\u00e4styv\u00e4t varmasti kuulemaansa ja n\u00e4kem\u00e4\u00e4ns\u00e4.<\/p>\n<p>Kev\u00e4\u00e4ll\u00e4 2020 TSK:n hallitus p\u00e4\u00e4tti siirt\u00e4\u00e4 tapahtumapaikan kaupungin p\u00e4\u00e4kirjaston pihalle parempien palvelujen ja paikan tavoitettavuuden vuoksi. P\u00e4\u00e4t\u00f6s osoittautuikin tulevaisuuden kannalta hyv\u00e4ksi p\u00e4\u00e4t\u00f6kseksi, sill\u00e4 korona-epidemia iski heti per\u00e4\u00e4n rankasti maailmaan. Korona aikana p\u00e4\u00e4kirjaston piha ja yhteisty\u00f6 kirjaston kanssa olivat rajoituksista huolimatta henkireik\u00e4 senioriv\u00e4elle ja TSK:n soittajille. Tuolloin siirryttiin perinteisest\u00e4 kahdesta orkesterista vain yhteen esiintyj\u00e4ryhm\u00e4\u00e4n.\u00a0\u00a0\u00a0\u00a0\u00a0\u00a0\u00a0\u00a0\u00a0\u00a0\u00a0\u00a0\u00a0\u00a0\u00a0\u00a0\u00a0\u00a0\u00a0\u00a0\u00a0\u00a0 Suurkiitos yhteisty\u00f6st\u00e4 on osoitettava Olli Hirvoselle (Turun kaupunki).<\/p>\n<p>Vuonna 2023 50 vuotta t\u00e4ytt\u00e4nyt perinne siis jatkuu ja 2024 kes\u00e4ll\u00e4 tanssijoiden m\u00e4\u00e4r\u00e4t olivat hyv\u00e4ss\u00e4 nousussa koronan j\u00e4lkeen. Soitto kaikaa edelleen Aurajoen rannalla tuoden ohikulkijoitakin mukaan ja parituntinen vier\u00e4ht\u00e4\u00e4 musiikin parissa nopeasti tapahtuman yst\u00e4vien nauttiessa atmosf\u00e4\u00e4rist\u00e4. Tilaisuudet ovat selke\u00e4sti my\u00f6s hyvi\u00e4 sosiaalisia tilaisuuksia tavata tuttuja ja luoda uusiakin tuttavuuksia.<\/p>\n<p>Katutansseja on j\u00e4rjestetty jo vuodesta 1973. Paikaksi suunniteltiin Aurajokivartta, miss\u00e4 olisi sopivan tasainen asfaltti \u201ctanssilattiana\u201d ja mukavat katsomotilat vain musiikista nauttimaan tulleelle yleis\u00f6lle. Rettigin rinne oli kuin luotu t\u00e4t\u00e4 ideaa varten. Siihen helppo tulla v\u00e4h\u00e4n kauempaakin, taikka sitten vaan pys\u00e4hty\u00e4 iltak\u00e4velyn lomassa. Ensimm\u00e4iset Katutanssit j\u00e4rjestettiin hein\u00e4kuun alussa samana vuonna. TSK:n orkesteri soitti ns. ensimm\u00e4isen Katutanssikeikan. (Mahtaakohan joku muistaa, mik\u00e4 oli orkesterin kokoonpano) Sin\u00e4 kes\u00e4n\u00e4 j\u00e4rjestettiin nelj\u00e4t katutanssit.<\/p>\n<p>Koska vastaanotto oli mukava ja innostunut, niin tulevana kes\u00e4n\u00e4 jatkettiin ja tanssien m\u00e4\u00e4r\u00e4 nousi kymmeneen per kes\u00e4. Soittolavana oli aluksi Kuljetusliike Honkaselta saadut rekkalavat. 1986 kaupunki hankki tarkoitusta varten katetun, siirrett\u00e4v\u00e4n esiintymislavan. TSK puolestaan vastasi teknisest\u00e4 toteuttamisesta s\u00e4hk\u00f6ineen kaikkineen.<\/p>\n<p>Vuonna 2002 katutanssien j\u00e4rjest\u00e4minen oli taloudellisten syiden takia vaarassa loppua. Yleis\u00f6lt\u00e4 tullut runsas kannanotto oli yhten\u00e4 vaikuttamassa, ett\u00e4 kaupungimme p\u00e4\u00e4tt\u00e4jilt\u00e4 l\u00f6ytyi tahtoa n\u00e4iden tanssien jatkamiseen.<\/p>\n<p>Vuosien varrella turkulaiset ovat ottaneet Katutanssit niin omakseen, ett\u00e4 siit\u00e4 on tullut todella odotettu tiistaiseen kes\u00e4iltaan kuuluva perinne. Ja mik\u00e4 parasta, tanssityyli on vapaa, eik\u00e4 erilaisia hakuvuoroja. Luisto on \u201dtaattu\u201d.<\/p>\n<p>Yl\u00e4lehterill\u00e4 oli parhaat katsomopaikat, sai samalla kertaa hengen ruokaa niin korville kuin silmille; Aurajoen maisemissa turkulaisen silm\u00e4 lep\u00e4\u00e4. Vakioasiakas Turun Lilja my\u00f6s kuuntelee, mutta pysyttelee omalla paikallaan.<\/p>\n<p>Nykyisen esiintymislavan lahjoitti TSK:lle torikauppias &#8211; ja monitoimiliikemies Matti J\u00e4rvinen\u00a0 vuosituhannen vaihteessa. Tutulla paikallaan se odotteli soittajia, mutta nykyisin kirjastonpihalla sit\u00e4 ei k\u00e4ytet\u00e4. Siihen kyll\u00e4 mahtuu kahden orkesterin soittimet, mik\u00e4 helpotti olennaisesti b\u00e4ndien aiempaa vuorettelua esiintymisess\u00e4.<\/p>\n<p>Soittajien kannalta ilta sai oman t\u00e4rke\u00e4n merkityksens\u00e4 kun b\u00e4ndit soittelivat kukin vuorollaan ja talkoohengess\u00e4, mutta soittoveljeys on viel\u00e4 kuvaavampi sana orkestereiden v\u00e4lill\u00e4. Vaikka \u201doma\u201d keikka on jo soitettu, niin on hienoa tulla tervehtim\u00e4\u00e4n muita soittajia taas seuraavana tiistai-iltana pitkin kes\u00e4\u00e4.<\/p>\n","protected":false},"excerpt":{"rendered":"<p>Syksyst\u00e4 2024 alkaen TSK-tansseja on syksyst\u00e4 kev\u00e4\u00e4seen pidetty my\u00f6s Ruusukorttelin palvelukeskuksen juhlasalissa ja kes\u00e4ll\u00e4 viime vuosien tapaan Turun p\u00e4\u00e4kirjaston pihalla. Vuodesta 2025 alkaen kirjastonpihan Katutansseja p\u00e4\u00e4tettiin kutsua osuvammin pitopaikkansa mukaan [&hellip;]<\/p>\n","protected":false},"author":1,"featured_media":0,"parent":7,"menu_order":0,"comment_status":"closed","ping_status":"closed","template":"","meta":{"footnotes":""},"class_list":["post-32","page","type-page","status-publish","czr-hentry"],"_links":{"self":[{"href":"http:\/\/soitannollinenkerho.com\/wordpress\/index.php?rest_route=\/wp\/v2\/pages\/32","targetHints":{"allow":["GET"]}}],"collection":[{"href":"http:\/\/soitannollinenkerho.com\/wordpress\/index.php?rest_route=\/wp\/v2\/pages"}],"about":[{"href":"http:\/\/soitannollinenkerho.com\/wordpress\/index.php?rest_route=\/wp\/v2\/types\/page"}],"author":[{"embeddable":true,"href":"http:\/\/soitannollinenkerho.com\/wordpress\/index.php?rest_route=\/wp\/v2\/users\/1"}],"replies":[{"embeddable":true,"href":"http:\/\/soitannollinenkerho.com\/wordpress\/index.php?rest_route=%2Fwp%2Fv2%2Fcomments&post=32"}],"version-history":[{"count":16,"href":"http:\/\/soitannollinenkerho.com\/wordpress\/index.php?rest_route=\/wp\/v2\/pages\/32\/revisions"}],"predecessor-version":[{"id":2509,"href":"http:\/\/soitannollinenkerho.com\/wordpress\/index.php?rest_route=\/wp\/v2\/pages\/32\/revisions\/2509"}],"up":[{"embeddable":true,"href":"http:\/\/soitannollinenkerho.com\/wordpress\/index.php?rest_route=\/wp\/v2\/pages\/7"}],"wp:attachment":[{"href":"http:\/\/soitannollinenkerho.com\/wordpress\/index.php?rest_route=%2Fwp%2Fv2%2Fmedia&parent=32"}],"curies":[{"name":"wp","href":"https:\/\/api.w.org\/{rel}","templated":true}]}}