{"id":208,"date":"2018-02-25T21:21:39","date_gmt":"2018-02-25T18:21:39","guid":{"rendered":"http:\/\/soitannollinenkerho.com\/wordpress\/?page_id=208"},"modified":"2026-01-26T12:36:39","modified_gmt":"2026-01-26T09:36:39","slug":"soundi-2","status":"publish","type":"page","link":"http:\/\/soitannollinenkerho.com\/wordpress\/?page_id=208","title":{"rendered":"J\u00e4senasiat ja Soundi"},"content":{"rendered":"<h1>Haku j\u00e4seneksi<\/h1>\n<p>Yhdistykseemme kuuluu musiikin niin musiikin harrastajia kuin ammattilaisia.<\/p>\n<p>Voit tehd\u00e4 vapaamuotoisen j\u00e4senhakemuksen ja l\u00e4hett\u00e4\u00e4 sen s\u00e4hk\u00f6postitse j\u00e4senkirjurille osoitteeseen<\/p>\n<p><strong>TSkerho (at) gmail.com<\/strong><\/p>\n<p>Laita hakemukseen nimi, s\u00e4hk\u00f6postiosoite ja\/tai puhelinnumero. Kerro my\u00f6s jos soitat tai laulat.<\/p>\n<h1>Soundit<\/h1>\n<p>Soundi 3\/2019<\/p>\n<p><a href=\"http:\/\/soitannollinenkerho.com\/wordpress\/wp-content\/uploads\/Soundi2_-nettiin.pdf\">Soundi 2\/2019<\/a><\/p>\n<p><a href=\"http:\/\/soitannollinenkerho.com\/wordpress\/wp-content\/uploads\/Soundi1_2019.pdf\">Soundi 1\/2019<\/a><\/p>\n<p><a href=\"http:\/\/soitannollinenkerho.com\/wordpress\/wp-content\/uploads\/Soundi3_nettisivuille.pdf\">Soundi 3\/2018<\/a><br \/>\n<a href=\"http:\/\/soitannollinenkerho.com\/wordpress\/wp-content\/uploads\/Soundi-2-2018.pdf\">Soundi 2\/2018<\/a><br \/>\n<a href=\"http:\/\/soitannollinenkerho.com\/wordpress\/wp-content\/uploads\/Soundi_1_2018.pdf\">Soundi 1\/2018<\/a><br \/>\n<a href=\"http:\/\/soitannollinenkerho.com\/wordpress\/wp-content\/uploads\/Soundi1_2017.pdf\">Soundi 1\/2017<\/a><br \/>\n<a href=\"http:\/\/soitannollinenkerho.com\/wordpress\/wp-content\/uploads\/2016\/01\/Soundi.pdf\">Soundi 3\/2015<\/a><\/p>\n","protected":false},"excerpt":{"rendered":"<p>Haku j\u00e4seneksi Yhdistykseemme kuuluu musiikin niin musiikin harrastajia kuin ammattilaisia. Voit tehd\u00e4 vapaamuotoisen j\u00e4senhakemuksen ja l\u00e4hett\u00e4\u00e4 sen s\u00e4hk\u00f6postitse j\u00e4senkirjurille osoitteeseen TSkerho (at) gmail.com Laita hakemukseen nimi, s\u00e4hk\u00f6postiosoite ja\/tai puhelinnumero. Kerro [&hellip;]<\/p>\n","protected":false},"author":4,"featured_media":0,"parent":7,"menu_order":0,"comment_status":"closed","ping_status":"closed","template":"","meta":{"footnotes":""},"class_list":["post-208","page","type-page","status-publish","czr-hentry"],"_links":{"self":[{"href":"http:\/\/soitannollinenkerho.com\/wordpress\/index.php?rest_route=\/wp\/v2\/pages\/208","targetHints":{"allow":["GET"]}}],"collection":[{"href":"http:\/\/soitannollinenkerho.com\/wordpress\/index.php?rest_route=\/wp\/v2\/pages"}],"about":[{"href":"http:\/\/soitannollinenkerho.com\/wordpress\/index.php?rest_route=\/wp\/v2\/types\/page"}],"author":[{"embeddable":true,"href":"http:\/\/soitannollinenkerho.com\/wordpress\/index.php?rest_route=\/wp\/v2\/users\/4"}],"replies":[{"embeddable":true,"href":"http:\/\/soitannollinenkerho.com\/wordpress\/index.php?rest_route=%2Fwp%2Fv2%2Fcomments&post=208"}],"version-history":[{"count":19,"href":"http:\/\/soitannollinenkerho.com\/wordpress\/index.php?rest_route=\/wp\/v2\/pages\/208\/revisions"}],"predecessor-version":[{"id":2511,"href":"http:\/\/soitannollinenkerho.com\/wordpress\/index.php?rest_route=\/wp\/v2\/pages\/208\/revisions\/2511"}],"up":[{"embeddable":true,"href":"http:\/\/soitannollinenkerho.com\/wordpress\/index.php?rest_route=\/wp\/v2\/pages\/7"}],"wp:attachment":[{"href":"http:\/\/soitannollinenkerho.com\/wordpress\/index.php?rest_route=%2Fwp%2Fv2%2Fmedia&parent=208"}],"curies":[{"name":"wp","href":"https:\/\/api.w.org\/{rel}","templated":true}]}}